{"id":6135,"date":"2025-05-04T09:17:35","date_gmt":"2025-05-04T09:17:35","guid":{"rendered":"https:\/\/amp-festival.com\/termes-conditions-et-politique-de-confidentialite\/"},"modified":"2025-06-18T16:47:40","modified_gmt":"2025-06-18T16:47:40","slug":"termes-conditions-et-politique-de-confidentialite","status":"publish","type":"page","link":"https:\/\/amp-festival.com\/fr\/termes-conditions-et-politique-de-confidentialite\/","title":{"rendered":"Termes, conditions et politique de confidentialit\u00e9"},"content":{"rendered":"\t\t<div data-elementor-type=\"wp-page\" data-elementor-id=\"6135\" class=\"elementor elementor-6135\">\n\t\t\t\t<div class=\"elementor-element elementor-element-775722fc e-con-full e-flex cmsmasters-block-default e-con e-parent\" data-id=\"775722fc\" data-element_type=\"container\">\n\t\t<div class=\"elementor-element elementor-element-f439c0d e-con-full e-flex cmsmasters-bg-hide-none cmsmasters-bg-hide-none cmsmasters-block-default e-con e-child\" data-id=\"f439c0d\" data-element_type=\"container\" data-settings=\"{&quot;background_background&quot;:&quot;classic&quot;}\">\n\t\t\t\t<div class=\"elementor-element elementor-element-16adb17 cmsmasters-line-clamp-yes cmsmasters-color-variation-default cmsmasters-pointer-none cmsmasters-block-default cmsmasters-sticky-default elementor-widget elementor-widget-cmsmasters-post-title cmsmasters-widget-title\" data-id=\"16adb17\" data-element_type=\"widget\" data-widget_type=\"cmsmasters-post-title.default\">\n\t\t\t\t<div class=\"elementor-widget-container\">\n\t\t\t\t\t<h1 class=\"entry-title cmsmasters-widget-title__heading \" title=\"Termes, conditions et politique de confidentialit\u00e9\">Termes, conditions et politique de confidentialit\u00e9<\/h1>\t\t\t\t<\/div>\n\t\t\t\t<\/div>\n\t\t\t\t<div class=\"elementor-element elementor-element-9b8c6af cmsmasters-breadcrumbs-type-cmsmasters cmsmasters-separator-type-text cmsmasters-block-default cmsmasters-sticky-default elementor-widget elementor-widget-cmsmasters-breadcrumbs cmsmasters-widget-breadcrumbs\" data-id=\"9b8c6af\" data-element_type=\"widget\" data-widget_type=\"cmsmasters-breadcrumbs.default\">\n\t\t\t\t<div class=\"elementor-widget-container\">\n\t\t\t\t\t<div class=\"cmsmasters-widget-breadcrumbs__container\"><div class=\"cmsmasters-widget-breadcrumbs__content\"><a href=\"https:\/\/amp-festival.com\/fr\/\" class=\"cmsmasters-home\">ACCUEIL<\/a><span class=\"cmsmasters-widget-breadcrumbs__sep\"><span>\/<\/span><\/span><span>No breadcrumbs<\/span><\/div><\/div>\t\t\t\t<\/div>\n\t\t\t\t<\/div>\n\t\t\t\t<\/div>\n\t\t<div class=\"elementor-element elementor-element-1787d86 e-flex e-con-boxed cmsmasters-block-default e-con e-child\" data-id=\"1787d86\" data-element_type=\"container\">\n\t\t\t\t\t<div class=\"e-con-inner\">\n\t\t\t\t<div class=\"elementor-element elementor-element-338c3466 cmsmasters-block-default cmsmasters-sticky-default elementor-widget elementor-widget-text-editor\" data-id=\"338c3466\" data-element_type=\"widget\" data-widget_type=\"text-editor.default\">\n\t\t\t\t<div class=\"elementor-widget-container\">\n\t\t\t\t\t\t\t\t\t<h2 data-start=\"63\" data-end=\"80\">Conditions d\u2019utilisation<\/h2><p data-start=\"81\" data-end=\"213\">En acc\u00e9dant et en utilisant ce site web (amp-festival.com), vous acceptez les termes et conditions suivants.\u00a0<\/p><h3 data-start=\"215\" data-end=\"247\">1. Limitation de responsabilit\u00e9<\/h3><p data-start=\"248\" data-end=\"575\">AMP INDUSTRIAL FESTIVAL et ses organisateurs fournissent ce site \u00ab tel quel \u00bb, sans aucune garantie, expresse ou implicite. Nous ne saurions \u00eatre tenus responsables de tout dommage direct, indirect, accessoire ou cons\u00e9cutif r\u00e9sultant de votre utilisation du site ou de votre incapacit\u00e9 \u00e0 acc\u00e9der \u00e0 certaines fonctionnalit\u00e9s ou contenus.<\/p><h3 data-start=\"913\" data-end=\"943\">2. Propri\u00e9t\u00e9 intellectuelle<\/h3><p data-start=\"944\" data-end=\"1264\">Tout le contenu de ce site \u2014 y compris, sans s\u2019y limiter, les textes, logos, \u00e9l\u00e9ments graphiques et \u00e9l\u00e9ments de marque \u2014 constitue la propri\u00e9t\u00e9 intellectuelle de AMP INDUSTRIAL EVENTS, AMP Festival ou de ses partenaires. Toute reproduction, modification, distribution ou utilisation commerciale non autoris\u00e9e est strictement interdite sans consentement \u00e9crit pr\u00e9alable.<\/p><hr data-start=\"1544\" data-end=\"1547\" \/><h2 data-start=\"1549\" data-end=\"1568\">Politique de confidentialit\u00e9<\/h2><p data-start=\"1569\" data-end=\"1649\">Nous attachons une grande importance \u00e0 votre vie priv\u00e9e et nous engageons \u00e0 prot\u00e9ger vos informations personnelles.<\/p><p data-start=\"1569\" data-end=\"1649\">Lorsque vous vous abonnez \u00e0 notre liste d\u2019envoi ou interagissez avec le site, nous pouvons recueillir des donn\u00e9es personnelles telles que votre nom et votre adresse courriel. Ces informations sont utilis\u00e9es uniquement pour communiquer avec vous \u00e0 propos de AMP INDUSTRIAL FESTIVAL, de ses \u00e9v\u00e9nements, annonces et mises \u00e0 jour. Nous ne vendons, ne louons ni ne partageons vos donn\u00e9es avec des tiers.<\/p><p data-start=\"1569\" data-end=\"1649\">Des cookies et des outils d\u2019analyse peuvent \u00eatre utilis\u00e9s pour am\u00e9liorer les performances du site et l\u2019exp\u00e9rience utilisateur. En utilisant ce site, vous consentez \u00e0 l\u2019utilisation de ces outils conform\u00e9ment aux normes de l\u2019industrie.<\/p><p data-start=\"1569\" data-end=\"1649\">Vous pouvez vous d\u00e9sabonner de notre liste d\u2019envoi \u00e0 tout moment en cliquant sur le lien pr\u00e9vu \u00e0 cet effet dans chaque courriel.<\/p>\t\t\t\t\t\t\t\t<\/div>\n\t\t\t\t<\/div>\n\t\t\t\t\t<\/div>\n\t\t\t\t<\/div>\n\t\t\t\t<\/div>\n\t\t\t\t<\/div>\n\t\t","protected":false},"excerpt":{"rendered":"<p>ACCUEIL\/No breadcrumbs Conditions d\u2019utilisation En acc\u00e9dant et en utilisant ce site web (amp-festival.com), vous acceptez les termes et conditions suivants.\u00a0 1. Limitation de responsabilit\u00e9 AMP INDUSTRIAL FESTIVAL et ses organisateurs fournissent ce site \u00ab tel quel \u00bb, sans aucune garantie, expresse ou implicite. Nous ne saurions \u00eatre tenus responsables de tout dommage direct, indirect, accessoire&#8230;<\/p>\n","protected":false},"author":5,"featured_media":0,"parent":0,"menu_order":0,"comment_status":"closed","ping_status":"closed","template":"","meta":{"_acf_changed":false,"footnotes":""},"class_list":["post-6135","page","type-page","status-publish","hentry"],"acf":[],"yoast_head":"<!-- This site is optimized with the Yoast SEO plugin v26.7 - https:\/\/yoast.com\/wordpress\/plugins\/seo\/ -->\n<title>Termes, conditions et politique de confidentialit\u00e9 - AMP INDUSTRIAL FESTIVAL<\/title>\n<meta name=\"robots\" content=\"index, follow, max-snippet:-1, max-image-preview:large, max-video-preview:-1\" \/>\n<link rel=\"canonical\" href=\"https:\/\/amp-festival.com\/fr\/termes-conditions-et-politique-de-confidentialite\/\" \/>\n<meta property=\"og:locale\" content=\"fr_FR\" \/>\n<meta property=\"og:type\" content=\"article\" \/>\n<meta property=\"og:title\" content=\"Termes, conditions et politique de confidentialit\u00e9 - AMP INDUSTRIAL FESTIVAL\" \/>\n<meta property=\"og:description\" content=\"ACCUEIL\/No breadcrumbs Conditions d\u2019utilisation En acc\u00e9dant et en utilisant ce site web (amp-festival.com), vous acceptez les termes et conditions suivants.\u00a0 1. Limitation de responsabilit\u00e9 AMP INDUSTRIAL FESTIVAL et ses organisateurs fournissent ce site \u00ab tel quel \u00bb, sans aucune garantie, expresse ou implicite. Nous ne saurions \u00eatre tenus responsables de tout dommage direct, indirect, accessoire...\" \/>\n<meta property=\"og:url\" content=\"https:\/\/amp-festival.com\/fr\/termes-conditions-et-politique-de-confidentialite\/\" \/>\n<meta property=\"og:site_name\" content=\"AMP INDUSTRIAL FESTIVAL\" \/>\n<meta property=\"article:publisher\" content=\"https:\/\/www.facebook.com\/events\/675539895262911\" \/>\n<meta property=\"article:modified_time\" content=\"2025-06-18T16:47:40+00:00\" \/>\n<meta property=\"og:image\" content=\"https:\/\/amp-festival.com\/wp-content\/uploads\/2025\/06\/amp-og-image.jpg\" \/>\n\t<meta property=\"og:image:width\" content=\"1200\" \/>\n\t<meta property=\"og:image:height\" content=\"630\" \/>\n\t<meta property=\"og:image:type\" content=\"image\/jpeg\" \/>\n<meta name=\"twitter:card\" content=\"summary_large_image\" \/>\n<meta name=\"twitter:label1\" content=\"Dur\u00e9e de lecture estim\u00e9e\" \/>\n\t<meta name=\"twitter:data1\" content=\"2 minutes\" \/>\n<script type=\"application\/ld+json\" class=\"yoast-schema-graph\">{\"@context\":\"https:\/\/schema.org\",\"@graph\":[{\"@type\":\"WebPage\",\"@id\":\"https:\/\/amp-festival.com\/fr\/termes-conditions-et-politique-de-confidentialite\/\",\"url\":\"https:\/\/amp-festival.com\/fr\/termes-conditions-et-politique-de-confidentialite\/\",\"name\":\"Termes, conditions et politique de confidentialit\u00e9 - AMP INDUSTRIAL FESTIVAL\",\"isPartOf\":{\"@id\":\"https:\/\/amp-festival.com\/fr\/#website\"},\"datePublished\":\"2025-05-04T09:17:35+00:00\",\"dateModified\":\"2025-06-18T16:47:40+00:00\",\"breadcrumb\":{\"@id\":\"https:\/\/amp-festival.com\/fr\/termes-conditions-et-politique-de-confidentialite\/#breadcrumb\"},\"inLanguage\":\"fr-FR\",\"potentialAction\":[{\"@type\":\"ReadAction\",\"target\":[\"https:\/\/amp-festival.com\/fr\/termes-conditions-et-politique-de-confidentialite\/\"]}]},{\"@type\":\"BreadcrumbList\",\"@id\":\"https:\/\/amp-festival.com\/fr\/termes-conditions-et-politique-de-confidentialite\/#breadcrumb\",\"itemListElement\":[{\"@type\":\"ListItem\",\"position\":1,\"name\":\"Home\",\"item\":\"https:\/\/amp-festival.com\/fr\/\"},{\"@type\":\"ListItem\",\"position\":2,\"name\":\"Termes, conditions et politique de confidentialit\u00e9\"}]},{\"@type\":\"WebSite\",\"@id\":\"https:\/\/amp-festival.com\/fr\/#website\",\"url\":\"https:\/\/amp-festival.com\/fr\/\",\"name\":\"AMP INDUSTRIAL FESTIVAL\",\"description\":\"\",\"publisher\":{\"@id\":\"https:\/\/amp-festival.com\/fr\/#organization\"},\"potentialAction\":[{\"@type\":\"SearchAction\",\"target\":{\"@type\":\"EntryPoint\",\"urlTemplate\":\"https:\/\/amp-festival.com\/fr\/?s={search_term_string}\"},\"query-input\":{\"@type\":\"PropertyValueSpecification\",\"valueRequired\":true,\"valueName\":\"search_term_string\"}}],\"inLanguage\":\"fr-FR\"},{\"@type\":\"Organization\",\"@id\":\"https:\/\/amp-festival.com\/fr\/#organization\",\"name\":\"AMP INDUSTRIAL FESTIVAL\",\"url\":\"https:\/\/amp-festival.com\/fr\/\",\"logo\":{\"@type\":\"ImageObject\",\"inLanguage\":\"fr-FR\",\"@id\":\"https:\/\/amp-festival.com\/fr\/#\/schema\/logo\/image\/\",\"url\":\"https:\/\/amp-festival.com\/wp-content\/uploads\/2025\/06\/amp-og-image.jpg\",\"contentUrl\":\"https:\/\/amp-festival.com\/wp-content\/uploads\/2025\/06\/amp-og-image.jpg\",\"width\":1200,\"height\":630,\"caption\":\"AMP INDUSTRIAL FESTIVAL\"},\"image\":{\"@id\":\"https:\/\/amp-festival.com\/fr\/#\/schema\/logo\/image\/\"},\"sameAs\":[\"https:\/\/www.facebook.com\/events\/675539895262911\",\"https:\/\/www.instagram.com\/amp_industrial_events\/\"]}]}<\/script>\n<!-- \/ Yoast SEO plugin. -->","yoast_head_json":{"title":"Termes, conditions et politique de confidentialit\u00e9 - AMP INDUSTRIAL FESTIVAL","robots":{"index":"index","follow":"follow","max-snippet":"max-snippet:-1","max-image-preview":"max-image-preview:large","max-video-preview":"max-video-preview:-1"},"canonical":"https:\/\/amp-festival.com\/fr\/termes-conditions-et-politique-de-confidentialite\/","og_locale":"fr_FR","og_type":"article","og_title":"Termes, conditions et politique de confidentialit\u00e9 - AMP INDUSTRIAL FESTIVAL","og_description":"ACCUEIL\/No breadcrumbs Conditions d\u2019utilisation En acc\u00e9dant et en utilisant ce site web (amp-festival.com), vous acceptez les termes et conditions suivants.\u00a0 1. Limitation de responsabilit\u00e9 AMP INDUSTRIAL FESTIVAL et ses organisateurs fournissent ce site \u00ab tel quel \u00bb, sans aucune garantie, expresse ou implicite. Nous ne saurions \u00eatre tenus responsables de tout dommage direct, indirect, accessoire...","og_url":"https:\/\/amp-festival.com\/fr\/termes-conditions-et-politique-de-confidentialite\/","og_site_name":"AMP INDUSTRIAL FESTIVAL","article_publisher":"https:\/\/www.facebook.com\/events\/675539895262911","article_modified_time":"2025-06-18T16:47:40+00:00","og_image":[{"width":1200,"height":630,"url":"https:\/\/amp-festival.com\/wp-content\/uploads\/2025\/06\/amp-og-image.jpg","type":"image\/jpeg"}],"twitter_card":"summary_large_image","twitter_misc":{"Dur\u00e9e de lecture estim\u00e9e":"2 minutes"},"schema":{"@context":"https:\/\/schema.org","@graph":[{"@type":"WebPage","@id":"https:\/\/amp-festival.com\/fr\/termes-conditions-et-politique-de-confidentialite\/","url":"https:\/\/amp-festival.com\/fr\/termes-conditions-et-politique-de-confidentialite\/","name":"Termes, conditions et politique de confidentialit\u00e9 - AMP INDUSTRIAL FESTIVAL","isPartOf":{"@id":"https:\/\/amp-festival.com\/fr\/#website"},"datePublished":"2025-05-04T09:17:35+00:00","dateModified":"2025-06-18T16:47:40+00:00","breadcrumb":{"@id":"https:\/\/amp-festival.com\/fr\/termes-conditions-et-politique-de-confidentialite\/#breadcrumb"},"inLanguage":"fr-FR","potentialAction":[{"@type":"ReadAction","target":["https:\/\/amp-festival.com\/fr\/termes-conditions-et-politique-de-confidentialite\/"]}]},{"@type":"BreadcrumbList","@id":"https:\/\/amp-festival.com\/fr\/termes-conditions-et-politique-de-confidentialite\/#breadcrumb","itemListElement":[{"@type":"ListItem","position":1,"name":"Home","item":"https:\/\/amp-festival.com\/fr\/"},{"@type":"ListItem","position":2,"name":"Termes, conditions et politique de confidentialit\u00e9"}]},{"@type":"WebSite","@id":"https:\/\/amp-festival.com\/fr\/#website","url":"https:\/\/amp-festival.com\/fr\/","name":"AMP INDUSTRIAL FESTIVAL","description":"","publisher":{"@id":"https:\/\/amp-festival.com\/fr\/#organization"},"potentialAction":[{"@type":"SearchAction","target":{"@type":"EntryPoint","urlTemplate":"https:\/\/amp-festival.com\/fr\/?s={search_term_string}"},"query-input":{"@type":"PropertyValueSpecification","valueRequired":true,"valueName":"search_term_string"}}],"inLanguage":"fr-FR"},{"@type":"Organization","@id":"https:\/\/amp-festival.com\/fr\/#organization","name":"AMP INDUSTRIAL FESTIVAL","url":"https:\/\/amp-festival.com\/fr\/","logo":{"@type":"ImageObject","inLanguage":"fr-FR","@id":"https:\/\/amp-festival.com\/fr\/#\/schema\/logo\/image\/","url":"https:\/\/amp-festival.com\/wp-content\/uploads\/2025\/06\/amp-og-image.jpg","contentUrl":"https:\/\/amp-festival.com\/wp-content\/uploads\/2025\/06\/amp-og-image.jpg","width":1200,"height":630,"caption":"AMP INDUSTRIAL FESTIVAL"},"image":{"@id":"https:\/\/amp-festival.com\/fr\/#\/schema\/logo\/image\/"},"sameAs":["https:\/\/www.facebook.com\/events\/675539895262911","https:\/\/www.instagram.com\/amp_industrial_events\/"]}]}},"_links":{"self":[{"href":"https:\/\/amp-festival.com\/fr\/wp-json\/wp\/v2\/pages\/6135","targetHints":{"allow":["GET"]}}],"collection":[{"href":"https:\/\/amp-festival.com\/fr\/wp-json\/wp\/v2\/pages"}],"about":[{"href":"https:\/\/amp-festival.com\/fr\/wp-json\/wp\/v2\/types\/page"}],"author":[{"embeddable":true,"href":"https:\/\/amp-festival.com\/fr\/wp-json\/wp\/v2\/users\/5"}],"replies":[{"embeddable":true,"href":"https:\/\/amp-festival.com\/fr\/wp-json\/wp\/v2\/comments?post=6135"}],"version-history":[{"count":0,"href":"https:\/\/amp-festival.com\/fr\/wp-json\/wp\/v2\/pages\/6135\/revisions"}],"wp:attachment":[{"href":"https:\/\/amp-festival.com\/fr\/wp-json\/wp\/v2\/media?parent=6135"}],"curies":[{"name":"wp","href":"https:\/\/api.w.org\/{rel}","templated":true}]}}