{"id":6472,"date":"2025-07-11T01:17:03","date_gmt":"2025-07-11T01:17:03","guid":{"rendered":"https:\/\/amp-festival.com\/?page_id=6472"},"modified":"2025-07-11T01:30:15","modified_gmt":"2025-07-11T01:30:15","slug":"ancient-methods","status":"publish","type":"page","link":"https:\/\/amp-festival.com\/fr\/lives\/ancient-methods\/","title":{"rendered":"Ancient Methods"},"content":{"rendered":"\t\t<div data-elementor-type=\"wp-page\" data-elementor-id=\"6472\" class=\"elementor elementor-6472\">\n\t\t\t\t<div class=\"elementor-element elementor-element-465a1d6 e-flex e-con-boxed cmsmasters-bg-hide-none cmsmasters-bg-hide-none cmsmasters-block-default e-con e-parent\" data-id=\"465a1d6\" data-element_type=\"container\" data-settings=\"{&quot;background_background&quot;:&quot;classic&quot;}\">\n\t\t\t\t\t<div class=\"e-con-inner\">\n\t\t\t\t<div class=\"elementor-element elementor-element-1a0ab36 cmsmasters-line-clamp-yes cmsmasters-color-variation-default cmsmasters-pointer-none cmsmasters-block-default cmsmasters-sticky-default elementor-widget elementor-widget-cmsmasters-post-title cmsmasters-widget-title\" data-id=\"1a0ab36\" data-element_type=\"widget\" data-widget_type=\"cmsmasters-post-title.default\">\n\t\t\t\t<div class=\"elementor-widget-container\">\n\t\t\t\t\t<h1 class=\"entry-title cmsmasters-widget-title__heading \" title=\"Ancient Methods\">Ancient Methods<\/h1>\t\t\t\t<\/div>\n\t\t\t\t<\/div>\n\t\t\t\t<div class=\"elementor-element elementor-element-3eaad19 cmsmasters-breadcrumbs-type-cmsmasters cmsmasters-separator-type-text cmsmasters-block-default cmsmasters-sticky-default elementor-widget elementor-widget-cmsmasters-breadcrumbs cmsmasters-widget-breadcrumbs\" data-id=\"3eaad19\" data-element_type=\"widget\" data-widget_type=\"cmsmasters-breadcrumbs.default\">\n\t\t\t\t<div class=\"elementor-widget-container\">\n\t\t\t\t\t<div class=\"cmsmasters-widget-breadcrumbs__container\"><div class=\"cmsmasters-widget-breadcrumbs__content\"><a href=\"https:\/\/amp-festival.com\/fr\/\" class=\"cmsmasters-home\">Accueil<\/a><span class=\"cmsmasters-widget-breadcrumbs__sep\"><span>\/<\/span><\/span><span>No breadcrumbs<\/span><\/div><\/div>\t\t\t\t<\/div>\n\t\t\t\t<\/div>\n\t\t\t\t\t<\/div>\n\t\t\t\t<\/div>\n\t\t<div class=\"elementor-element elementor-element-a24f798 e-flex e-con-boxed cmsmasters-block-default e-con e-parent\" data-id=\"a24f798\" data-element_type=\"container\" data-settings=\"{&quot;background_background&quot;:&quot;classic&quot;}\">\n\t\t\t\t\t<div class=\"e-con-inner\">\n\t\t<div class=\"elementor-element elementor-element-f4c6a67 e-con-full e-flex cmsmasters-block-default e-con e-child\" data-id=\"f4c6a67\" data-element_type=\"container\">\n\t\t\t\t<div class=\"elementor-element elementor-element-3a28440 elementor-widget__width-inherit cmsmasters-block-default cmsmasters-sticky-default elementor-widget elementor-widget-heading\" data-id=\"3a28440\" data-element_type=\"widget\" data-widget_type=\"heading.default\">\n\t\t\t\t<div class=\"elementor-widget-container\">\n\t\t\t\t\t<h2 class=\"elementor-heading-title elementor-size-default\">ANCIENT METHODS<\/h2>\t\t\t\t<\/div>\n\t\t\t\t<\/div>\n\t\t\t\t<div class=\"elementor-element elementor-element-90b30f7 label cmsmasters-block-default cmsmasters-sticky-default elementor-widget elementor-widget-text-editor\" data-id=\"90b30f7\" data-element_type=\"widget\" data-widget_type=\"text-editor.default\">\n\t\t\t\t<div class=\"elementor-widget-container\">\n\t\t\t\t\t\t\t\t\t<p>[ALLEMAGINE (Berlin) |\u00a0 aufnahme + wiedergabe | Persephonic Sirens]<\/p>\t\t\t\t\t\t\t\t<\/div>\n\t\t\t\t<\/div>\n\t\t\t\t<div class=\"elementor-element elementor-element-44869bc elementor-widget__width-inherit elementor-widget-divider--view-line cmsmasters-block-default cmsmasters-sticky-default elementor-widget elementor-widget-divider\" data-id=\"44869bc\" data-element_type=\"widget\" data-widget_type=\"divider.default\">\n\t\t\t\t<div class=\"elementor-widget-container\">\n\t\t\t\t\t\t\t<div class=\"elementor-divider\">\n\t\t\t<span class=\"elementor-divider-separator\">\n\t\t\t\t\t\t<\/span>\n\t\t<\/div>\n\t\t\t\t\t\t<\/div>\n\t\t\t\t<\/div>\n\t\t\t\t<div class=\"elementor-element elementor-element-b7ca7b7 e-grid-align-left elementor-widget__width-inherit elementor-shape-rounded elementor-grid-0 cmsmasters-block-default cmsmasters-sticky-default elementor-widget elementor-widget-social-icons\" data-id=\"b7ca7b7\" data-element_type=\"widget\" data-widget_type=\"social-icons.default\">\n\t\t\t\t<div class=\"elementor-widget-container\">\n\t\t\t\t\t\t\t<div class=\"elementor-social-icons-wrapper elementor-grid\" role=\"list\">\n\t\t\t\t\t\t\t<span class=\"elementor-grid-item\" role=\"listitem\">\n\t\t\t\t\t<a class=\"elementor-icon elementor-social-icon elementor-social-icon-bandcamp elementor-repeater-item-ad6d4a1\" href=\"https:\/\/ancientmethods.bandcamp.com\/\" target=\"_blank\">\n\t\t\t\t\t\t<span class=\"elementor-screen-only\">Bandcamp<\/span>\n\t\t\t\t\t\t<svg aria-hidden=\"true\" class=\"e-font-icon-svg e-fab-bandcamp\" viewBox=\"0 0 512 512\" xmlns=\"http:\/\/www.w3.org\/2000\/svg\"><path d=\"M256,8C119,8,8,119,8,256S119,504,256,504,504,393,504,256,393,8,256,8Zm48.2,326.1h-181L207.9,178h181Z\"><\/path><\/svg>\t\t\t\t\t<\/a>\n\t\t\t\t<\/span>\n\t\t\t\t\t\t\t<span class=\"elementor-grid-item\" role=\"listitem\">\n\t\t\t\t\t<a class=\"elementor-icon elementor-social-icon elementor-social-icon-facebook-f elementor-repeater-item-33b2d8a\" href=\"https:\/\/www.youtube.com\/@DevineLuLinvega\" target=\"_blank\">\n\t\t\t\t\t\t<span class=\"elementor-screen-only\">Facebook-f<\/span>\n\t\t\t\t\t\t<svg aria-hidden=\"true\" class=\"e-font-icon-svg e-fab-facebook-f\" viewBox=\"0 0 320 512\" xmlns=\"http:\/\/www.w3.org\/2000\/svg\"><path d=\"M279.14 288l14.22-92.66h-88.91v-60.13c0-25.35 12.42-50.06 52.24-50.06h40.42V6.26S260.43 0 225.36 0c-73.22 0-121.08 44.38-121.08 124.72v70.62H22.89V288h81.39v224h100.17V288z\"><\/path><\/svg>\t\t\t\t\t<\/a>\n\t\t\t\t<\/span>\n\t\t\t\t\t<\/div>\n\t\t\t\t\t\t<\/div>\n\t\t\t\t<\/div>\n\t\t\t\t<div class=\"elementor-element elementor-element-d67b184 cmsmasters-block-default cmsmasters-sticky-default elementor-widget elementor-widget-text-editor\" data-id=\"d67b184\" data-element_type=\"widget\" data-widget_type=\"text-editor.default\">\n\t\t\t\t<div class=\"elementor-widget-container\">\n\t\t\t\t\t\t\t\t\t<p>Ancient Methods est reconnu pour son style musical distinctif m\u00ealant techno, industriel et EBM (Electronic Body Music). Souvent qualifi\u00e9 de \u00ab pitch black techno war funk \u00bb, le projet propose des compositions techno brutes, lentes et fortement syncop\u00e9es.<\/p>\t\t\t\t\t\t\t\t<\/div>\n\t\t\t\t<\/div>\n\t\t\t\t<div class=\"elementor-element elementor-element-5827d30 elementor-widget__width-inherit elementor-widget-divider--view-line cmsmasters-block-default cmsmasters-sticky-default elementor-widget elementor-widget-divider\" data-id=\"5827d30\" data-element_type=\"widget\" data-widget_type=\"divider.default\">\n\t\t\t\t<div class=\"elementor-widget-container\">\n\t\t\t\t\t\t\t<div class=\"elementor-divider\">\n\t\t\t<span class=\"elementor-divider-separator\">\n\t\t\t\t\t\t<\/span>\n\t\t<\/div>\n\t\t\t\t\t\t<\/div>\n\t\t\t\t<\/div>\n\t\t\t\t<div class=\"elementor-element elementor-element-d551769 elementor-widget__width-inherit elementor-widget-divider--view-line cmsmasters-block-default cmsmasters-sticky-default elementor-widget elementor-widget-divider\" data-id=\"d551769\" data-element_type=\"widget\" data-widget_type=\"divider.default\">\n\t\t\t\t<div class=\"elementor-widget-container\">\n\t\t\t\t\t\t\t<div class=\"elementor-divider\">\n\t\t\t<span class=\"elementor-divider-separator\">\n\t\t\t\t\t\t<\/span>\n\t\t<\/div>\n\t\t\t\t\t\t<\/div>\n\t\t\t\t<\/div>\n\t\t\t\t<\/div>\n\t\t<div class=\"elementor-element elementor-element-ea896f8 e-con-full e-flex cmsmasters-block-default e-con e-child\" data-id=\"ea896f8\" data-element_type=\"container\">\n\t\t\t\t<div class=\"elementor-element elementor-element-0b55527 elementor-aspect-ratio-169 cmsmasters-ver-position-on-scroll-bottom cmsmasters-hor-position-on-scroll-right cmsmasters-animation-on-scroll-up cmsmasters-show-button-yes cmsmasters-close-but-view-stacked cmsmasters-close-but-shape-square cmsmasters-block-default cmsmasters-sticky-default elementor-widget elementor-widget-cmsmasters-video\" data-id=\"0b55527\" data-element_type=\"widget\" data-settings=\"{&quot;cover_image&quot;:{&quot;url&quot;:&quot;&quot;,&quot;id&quot;:&quot;&quot;,&quot;size&quot;:&quot;&quot;,&quot;alt&quot;:&quot;&quot;,&quot;source&quot;:&quot;library&quot;},&quot;video_type&quot;:&quot;youtube&quot;,&quot;controls&quot;:&quot;yes&quot;,&quot;autoplay_type&quot;:&quot;disable&quot;,&quot;fs&quot;:&quot;yes&quot;,&quot;aspect_ratio&quot;:&quot;169&quot;}\" data-widget_type=\"cmsmasters-video.default\">\n\t\t\t\t<div class=\"elementor-widget-container\">\n\t\t\t\t\t<div class=\"elementor-widget-cmsmasters-video__container elementor-open-inline \"><div class=\"elementor-widget-cmsmasters-video__wrap\"><div class=\"elementor-widget-cmsmasters-video__inner\"><span class=\"elementor-widget-cmsmasters-video__close-button eicon-close\" role=\"button\" tabindex=\"0\"><\/span><iframe class=\"elementor-video-iframe\" allowfullscreen allow=\"clipboard-write\" title=\"Lecteur vid\u00e9o youtube\" src=\"https:\/\/www.youtube-nocookie.com\/embed\/NGMsT3TMwnY?feature=oembed&amp;playlist=NGMsT3TMwnY&amp;modestbranding=1&amp;cc_load_policy=0&amp;enablejsapi=1&amp;wmode=opaque&amp;controls=1&amp;loop=1&amp;fs=1&amp;rel=0&amp;playsinline=0\"><\/iframe><\/div><\/div><\/div>\t\t\t\t<\/div>\n\t\t\t\t<\/div>\n\t\t\t\t<\/div>\n\t\t<div class=\"elementor-element elementor-element-ec6b79e e-con-full e-flex cmsmasters-block-default e-con e-child\" data-id=\"ec6b79e\" data-element_type=\"container\">\n\t\t\t\t<\/div>\n\t\t\t\t\t<\/div>\n\t\t\t\t<\/div>\n\t\t<div class=\"elementor-element elementor-element-8cf9ade e-flex e-con-boxed cmsmasters-block-default e-con e-parent\" data-id=\"8cf9ade\" data-element_type=\"container\" data-settings=\"{&quot;background_background&quot;:&quot;classic&quot;}\">\n\t\t\t\t\t<div class=\"e-con-inner\">\n\t\t\t\t<div class=\"elementor-element elementor-element-5cf39888 cmsmasters-button-align-left elementor-widget-mobile__width-initial elementor-widget-tablet__width-inherit cmsmasters-icon-arrangement-together cmsmasters-block-default cmsmasters-sticky-default elementor-widget elementor-widget-cmsmasters-button\" data-id=\"5cf39888\" data-element_type=\"widget\" data-widget_type=\"cmsmasters-button.default\">\n\t\t\t\t<div class=\"elementor-widget-container\">\n\t\t\t\t\t<div class=\"elementor-widget-cmsmasters-button__button-container\"><div class=\"elementor-widget-cmsmasters-button__button-container-inner\"><a href=\"https:\/\/amp-festival.com\/fr\/lives\/null-404\" class=\"cmsmasters-button-link elementor-widget-cmsmasters-button__button cmsmasters-icon-view-default cmsmasters-icon-shape- cmsmasters-button-size-lg\" role=\"button\" tabindex=\"0\"><span class=\"elementor-widget-cmsmasters-button__content-wrapper cmsmasters-align-icon-left\"><span class=\"elementor-widget-cmsmasters-button__icon\"><svg aria-hidden=\"true\" class=\"e-font-icon-svg e-fas-angle-double-left\" viewBox=\"0 0 448 512\" xmlns=\"http:\/\/www.w3.org\/2000\/svg\"><path d=\"M223.7 239l136-136c9.4-9.4 24.6-9.4 33.9 0l22.6 22.6c9.4 9.4 9.4 24.6 0 33.9L319.9 256l96.4 96.4c9.4 9.4 9.4 24.6 0 33.9L393.7 409c-9.4 9.4-24.6 9.4-33.9 0l-136-136c-9.5-9.4-9.5-24.6-.1-34zm-192 34l136 136c9.4 9.4 24.6 9.4 33.9 0l22.6-22.6c9.4-9.4 9.4-24.6 0-33.9L127.9 256l96.4-96.4c9.4-9.4 9.4-24.6 0-33.9L201.7 103c-9.4-9.4-24.6-9.4-33.9 0l-136 136c-9.5 9.4-9.5 24.6-.1 34z\"><\/path><\/svg><\/span><span class=\"elementor-widget-cmsmasters-button__text\">Pr\u00e9c\u00e9dent<\/span><\/span><\/a><\/div><\/div>\t\t\t\t<\/div>\n\t\t\t\t<\/div>\n\t\t\t\t<div class=\"elementor-element elementor-element-31555290 cmsmasters-button-align-right elementor-widget-mobile__width-initial cmsmasters-button-mobile-align-right elementor-widget-tablet__width-inherit cmsmasters-icon-arrangement-together cmsmasters-block-default cmsmasters-sticky-default elementor-widget elementor-widget-cmsmasters-button\" data-id=\"31555290\" data-element_type=\"widget\" data-widget_type=\"cmsmasters-button.default\">\n\t\t\t\t<div class=\"elementor-widget-container\">\n\t\t\t\t\t<div class=\"elementor-widget-cmsmasters-button__button-container\"><div class=\"elementor-widget-cmsmasters-button__button-container-inner\"><a href=\"https:\/\/amp-festival.com\/fr\/lives\/vromb\" class=\"cmsmasters-button-link elementor-widget-cmsmasters-button__button cmsmasters-icon-view-default cmsmasters-icon-shape- cmsmasters-button-size-lg\" role=\"button\" tabindex=\"0\"><span class=\"elementor-widget-cmsmasters-button__content-wrapper cmsmasters-align-icon-right\"><span class=\"elementor-widget-cmsmasters-button__icon\"><svg aria-hidden=\"true\" class=\"e-font-icon-svg e-fas-angle-double-right\" viewBox=\"0 0 448 512\" xmlns=\"http:\/\/www.w3.org\/2000\/svg\"><path d=\"M224.3 273l-136 136c-9.4 9.4-24.6 9.4-33.9 0l-22.6-22.6c-9.4-9.4-9.4-24.6 0-33.9l96.4-96.4-96.4-96.4c-9.4-9.4-9.4-24.6 0-33.9L54.3 103c9.4-9.4 24.6-9.4 33.9 0l136 136c9.5 9.4 9.5 24.6.1 34zm192-34l-136-136c-9.4-9.4-24.6-9.4-33.9 0l-22.6 22.6c-9.4 9.4-9.4 24.6 0 33.9l96.4 96.4-96.4 96.4c-9.4 9.4-9.4 24.6 0 33.9l22.6 22.6c9.4 9.4 24.6 9.4 33.9 0l136-136c9.4-9.2 9.4-24.4 0-33.8z\"><\/path><\/svg><\/span><span class=\"elementor-widget-cmsmasters-button__text\">Suivant<\/span><\/span><\/a><\/div><\/div>\t\t\t\t<\/div>\n\t\t\t\t<\/div>\n\t\t\t\t\t<\/div>\n\t\t\t\t<\/div>\n\t\t\t\t<\/div>\n\t\t","protected":false},"excerpt":{"rendered":"<p>Accueil\/No breadcrumbs ANCIENT METHODS [ALLEMAGINE (Berlin) |\u00a0 aufnahme + wiedergabe | Persephonic Sirens] Bandcamp Facebook-f Ancient Methods est reconnu pour son style musical distinctif m\u00ealant techno, industriel et EBM (Electronic Body Music). Souvent qualifi\u00e9 de \u00ab pitch black techno war funk \u00bb, le projet propose des compositions techno brutes, lentes et fortement syncop\u00e9es. Pr\u00e9c\u00e9dent Suivant<\/p>\n","protected":false},"author":5,"featured_media":5034,"parent":5447,"menu_order":0,"comment_status":"closed","ping_status":"closed","template":"","meta":{"_acf_changed":false,"footnotes":""},"class_list":["post-6472","page","type-page","status-publish","has-post-thumbnail","hentry"],"acf":[],"yoast_head":"<!-- This site is optimized with the Yoast SEO plugin v26.7 - https:\/\/yoast.com\/wordpress\/plugins\/seo\/ -->\n<title>Ancient Methods - AMP INDUSTRIAL FESTIVAL<\/title>\n<meta name=\"robots\" content=\"index, follow, max-snippet:-1, max-image-preview:large, max-video-preview:-1\" \/>\n<link rel=\"canonical\" href=\"https:\/\/amp-festival.com\/fr\/lives\/ancient-methods\/\" \/>\n<meta property=\"og:locale\" content=\"fr_FR\" \/>\n<meta property=\"og:type\" content=\"article\" \/>\n<meta property=\"og:title\" content=\"Ancient Methods - AMP INDUSTRIAL FESTIVAL\" \/>\n<meta property=\"og:description\" content=\"Accueil\/No breadcrumbs ANCIENT METHODS [ALLEMAGINE (Berlin) |\u00a0 aufnahme + wiedergabe | Persephonic Sirens] Bandcamp Facebook-f Ancient Methods est reconnu pour son style musical distinctif m\u00ealant techno, industriel et EBM (Electronic Body Music). Souvent qualifi\u00e9 de \u00ab pitch black techno war funk \u00bb, le projet propose des compositions techno brutes, lentes et fortement syncop\u00e9es. Pr\u00e9c\u00e9dent Suivant\" \/>\n<meta property=\"og:url\" content=\"https:\/\/amp-festival.com\/fr\/lives\/ancient-methods\/\" \/>\n<meta property=\"og:site_name\" content=\"AMP INDUSTRIAL FESTIVAL\" \/>\n<meta property=\"article:publisher\" content=\"https:\/\/www.facebook.com\/events\/675539895262911\" \/>\n<meta property=\"article:modified_time\" content=\"2025-07-11T01:30:15+00:00\" \/>\n<meta property=\"og:image\" content=\"https:\/\/amp-festival.com\/wp-content\/uploads\/2025\/05\/amp-industrial-festival-header.jpg\" \/>\n\t<meta property=\"og:image:width\" content=\"1920\" \/>\n\t<meta property=\"og:image:height\" content=\"870\" \/>\n\t<meta property=\"og:image:type\" content=\"image\/jpeg\" \/>\n<meta name=\"twitter:card\" content=\"summary_large_image\" \/>\n<meta name=\"twitter:label1\" content=\"Dur\u00e9e de lecture estim\u00e9e\" \/>\n\t<meta name=\"twitter:data1\" content=\"1 minute\" \/>\n<script type=\"application\/ld+json\" class=\"yoast-schema-graph\">{\"@context\":\"https:\/\/schema.org\",\"@graph\":[{\"@type\":\"WebPage\",\"@id\":\"https:\/\/amp-festival.com\/fr\/lives\/ancient-methods\/\",\"url\":\"https:\/\/amp-festival.com\/fr\/lives\/ancient-methods\/\",\"name\":\"Ancient Methods - AMP INDUSTRIAL FESTIVAL\",\"isPartOf\":{\"@id\":\"https:\/\/amp-festival.com\/fr\/#website\"},\"primaryImageOfPage\":{\"@id\":\"https:\/\/amp-festival.com\/fr\/lives\/ancient-methods\/#primaryimage\"},\"image\":{\"@id\":\"https:\/\/amp-festival.com\/fr\/lives\/ancient-methods\/#primaryimage\"},\"thumbnailUrl\":\"https:\/\/amp-festival.com\/wp-content\/uploads\/2025\/05\/amp-industrial-festival-header.jpg\",\"datePublished\":\"2025-07-11T01:17:03+00:00\",\"dateModified\":\"2025-07-11T01:30:15+00:00\",\"breadcrumb\":{\"@id\":\"https:\/\/amp-festival.com\/fr\/lives\/ancient-methods\/#breadcrumb\"},\"inLanguage\":\"fr-FR\",\"potentialAction\":[{\"@type\":\"ReadAction\",\"target\":[\"https:\/\/amp-festival.com\/fr\/lives\/ancient-methods\/\"]}]},{\"@type\":\"ImageObject\",\"inLanguage\":\"fr-FR\",\"@id\":\"https:\/\/amp-festival.com\/fr\/lives\/ancient-methods\/#primaryimage\",\"url\":\"https:\/\/amp-festival.com\/wp-content\/uploads\/2025\/05\/amp-industrial-festival-header.jpg\",\"contentUrl\":\"https:\/\/amp-festival.com\/wp-content\/uploads\/2025\/05\/amp-industrial-festival-header.jpg\",\"width\":1920,\"height\":870},{\"@type\":\"BreadcrumbList\",\"@id\":\"https:\/\/amp-festival.com\/fr\/lives\/ancient-methods\/#breadcrumb\",\"itemListElement\":[{\"@type\":\"ListItem\",\"position\":1,\"name\":\"Home\",\"item\":\"https:\/\/amp-festival.com\/fr\/\"},{\"@type\":\"ListItem\",\"position\":2,\"name\":\"Lives\",\"item\":\"https:\/\/amp-festival.com\/fr\/lives\/\"},{\"@type\":\"ListItem\",\"position\":3,\"name\":\"Ancient Methods\"}]},{\"@type\":\"WebSite\",\"@id\":\"https:\/\/amp-festival.com\/fr\/#website\",\"url\":\"https:\/\/amp-festival.com\/fr\/\",\"name\":\"AMP INDUSTRIAL FESTIVAL\",\"description\":\"\",\"publisher\":{\"@id\":\"https:\/\/amp-festival.com\/fr\/#organization\"},\"potentialAction\":[{\"@type\":\"SearchAction\",\"target\":{\"@type\":\"EntryPoint\",\"urlTemplate\":\"https:\/\/amp-festival.com\/fr\/?s={search_term_string}\"},\"query-input\":{\"@type\":\"PropertyValueSpecification\",\"valueRequired\":true,\"valueName\":\"search_term_string\"}}],\"inLanguage\":\"fr-FR\"},{\"@type\":\"Organization\",\"@id\":\"https:\/\/amp-festival.com\/fr\/#organization\",\"name\":\"AMP INDUSTRIAL FESTIVAL\",\"url\":\"https:\/\/amp-festival.com\/fr\/\",\"logo\":{\"@type\":\"ImageObject\",\"inLanguage\":\"fr-FR\",\"@id\":\"https:\/\/amp-festival.com\/fr\/#\/schema\/logo\/image\/\",\"url\":\"https:\/\/amp-festival.com\/wp-content\/uploads\/2025\/06\/amp-og-image.jpg\",\"contentUrl\":\"https:\/\/amp-festival.com\/wp-content\/uploads\/2025\/06\/amp-og-image.jpg\",\"width\":1200,\"height\":630,\"caption\":\"AMP INDUSTRIAL FESTIVAL\"},\"image\":{\"@id\":\"https:\/\/amp-festival.com\/fr\/#\/schema\/logo\/image\/\"},\"sameAs\":[\"https:\/\/www.facebook.com\/events\/675539895262911\",\"https:\/\/www.instagram.com\/amp_industrial_events\/\"]}]}<\/script>\n<!-- \/ Yoast SEO plugin. -->","yoast_head_json":{"title":"Ancient Methods - AMP INDUSTRIAL FESTIVAL","robots":{"index":"index","follow":"follow","max-snippet":"max-snippet:-1","max-image-preview":"max-image-preview:large","max-video-preview":"max-video-preview:-1"},"canonical":"https:\/\/amp-festival.com\/fr\/lives\/ancient-methods\/","og_locale":"fr_FR","og_type":"article","og_title":"Ancient Methods - AMP INDUSTRIAL FESTIVAL","og_description":"Accueil\/No breadcrumbs ANCIENT METHODS [ALLEMAGINE (Berlin) |\u00a0 aufnahme + wiedergabe | Persephonic Sirens] Bandcamp Facebook-f Ancient Methods est reconnu pour son style musical distinctif m\u00ealant techno, industriel et EBM (Electronic Body Music). Souvent qualifi\u00e9 de \u00ab pitch black techno war funk \u00bb, le projet propose des compositions techno brutes, lentes et fortement syncop\u00e9es. Pr\u00e9c\u00e9dent Suivant","og_url":"https:\/\/amp-festival.com\/fr\/lives\/ancient-methods\/","og_site_name":"AMP INDUSTRIAL FESTIVAL","article_publisher":"https:\/\/www.facebook.com\/events\/675539895262911","article_modified_time":"2025-07-11T01:30:15+00:00","og_image":[{"width":1920,"height":870,"url":"https:\/\/amp-festival.com\/wp-content\/uploads\/2025\/05\/amp-industrial-festival-header.jpg","type":"image\/jpeg"}],"twitter_card":"summary_large_image","twitter_misc":{"Dur\u00e9e de lecture estim\u00e9e":"1 minute"},"schema":{"@context":"https:\/\/schema.org","@graph":[{"@type":"WebPage","@id":"https:\/\/amp-festival.com\/fr\/lives\/ancient-methods\/","url":"https:\/\/amp-festival.com\/fr\/lives\/ancient-methods\/","name":"Ancient Methods - AMP INDUSTRIAL FESTIVAL","isPartOf":{"@id":"https:\/\/amp-festival.com\/fr\/#website"},"primaryImageOfPage":{"@id":"https:\/\/amp-festival.com\/fr\/lives\/ancient-methods\/#primaryimage"},"image":{"@id":"https:\/\/amp-festival.com\/fr\/lives\/ancient-methods\/#primaryimage"},"thumbnailUrl":"https:\/\/amp-festival.com\/wp-content\/uploads\/2025\/05\/amp-industrial-festival-header.jpg","datePublished":"2025-07-11T01:17:03+00:00","dateModified":"2025-07-11T01:30:15+00:00","breadcrumb":{"@id":"https:\/\/amp-festival.com\/fr\/lives\/ancient-methods\/#breadcrumb"},"inLanguage":"fr-FR","potentialAction":[{"@type":"ReadAction","target":["https:\/\/amp-festival.com\/fr\/lives\/ancient-methods\/"]}]},{"@type":"ImageObject","inLanguage":"fr-FR","@id":"https:\/\/amp-festival.com\/fr\/lives\/ancient-methods\/#primaryimage","url":"https:\/\/amp-festival.com\/wp-content\/uploads\/2025\/05\/amp-industrial-festival-header.jpg","contentUrl":"https:\/\/amp-festival.com\/wp-content\/uploads\/2025\/05\/amp-industrial-festival-header.jpg","width":1920,"height":870},{"@type":"BreadcrumbList","@id":"https:\/\/amp-festival.com\/fr\/lives\/ancient-methods\/#breadcrumb","itemListElement":[{"@type":"ListItem","position":1,"name":"Home","item":"https:\/\/amp-festival.com\/fr\/"},{"@type":"ListItem","position":2,"name":"Lives","item":"https:\/\/amp-festival.com\/fr\/lives\/"},{"@type":"ListItem","position":3,"name":"Ancient Methods"}]},{"@type":"WebSite","@id":"https:\/\/amp-festival.com\/fr\/#website","url":"https:\/\/amp-festival.com\/fr\/","name":"AMP INDUSTRIAL FESTIVAL","description":"","publisher":{"@id":"https:\/\/amp-festival.com\/fr\/#organization"},"potentialAction":[{"@type":"SearchAction","target":{"@type":"EntryPoint","urlTemplate":"https:\/\/amp-festival.com\/fr\/?s={search_term_string}"},"query-input":{"@type":"PropertyValueSpecification","valueRequired":true,"valueName":"search_term_string"}}],"inLanguage":"fr-FR"},{"@type":"Organization","@id":"https:\/\/amp-festival.com\/fr\/#organization","name":"AMP INDUSTRIAL FESTIVAL","url":"https:\/\/amp-festival.com\/fr\/","logo":{"@type":"ImageObject","inLanguage":"fr-FR","@id":"https:\/\/amp-festival.com\/fr\/#\/schema\/logo\/image\/","url":"https:\/\/amp-festival.com\/wp-content\/uploads\/2025\/06\/amp-og-image.jpg","contentUrl":"https:\/\/amp-festival.com\/wp-content\/uploads\/2025\/06\/amp-og-image.jpg","width":1200,"height":630,"caption":"AMP INDUSTRIAL FESTIVAL"},"image":{"@id":"https:\/\/amp-festival.com\/fr\/#\/schema\/logo\/image\/"},"sameAs":["https:\/\/www.facebook.com\/events\/675539895262911","https:\/\/www.instagram.com\/amp_industrial_events\/"]}]}},"_links":{"self":[{"href":"https:\/\/amp-festival.com\/fr\/wp-json\/wp\/v2\/pages\/6472","targetHints":{"allow":["GET"]}}],"collection":[{"href":"https:\/\/amp-festival.com\/fr\/wp-json\/wp\/v2\/pages"}],"about":[{"href":"https:\/\/amp-festival.com\/fr\/wp-json\/wp\/v2\/types\/page"}],"author":[{"embeddable":true,"href":"https:\/\/amp-festival.com\/fr\/wp-json\/wp\/v2\/users\/5"}],"replies":[{"embeddable":true,"href":"https:\/\/amp-festival.com\/fr\/wp-json\/wp\/v2\/comments?post=6472"}],"version-history":[{"count":5,"href":"https:\/\/amp-festival.com\/fr\/wp-json\/wp\/v2\/pages\/6472\/revisions"}],"predecessor-version":[{"id":6481,"href":"https:\/\/amp-festival.com\/fr\/wp-json\/wp\/v2\/pages\/6472\/revisions\/6481"}],"up":[{"embeddable":true,"href":"https:\/\/amp-festival.com\/fr\/wp-json\/wp\/v2\/pages\/5447"}],"wp:featuredmedia":[{"embeddable":true,"href":"https:\/\/amp-festival.com\/fr\/wp-json\/wp\/v2\/media\/5034"}],"wp:attachment":[{"href":"https:\/\/amp-festival.com\/fr\/wp-json\/wp\/v2\/media?parent=6472"}],"curies":[{"name":"wp","href":"https:\/\/api.w.org\/{rel}","templated":true}]}}